{"id":44,"date":"2017-06-03T23:45:40","date_gmt":"2017-06-03T23:45:40","guid":{"rendered":"http:\/\/realhomes.inspirythemes.com\/?page_id=44"},"modified":"2025-04-04T00:58:49","modified_gmt":"2025-04-03T22:58:49","slug":"home","status":"publish","type":"page","link":"https:\/\/www.locazioni-immobiliari.it\/site\/","title":{"rendered":"Home"},"content":{"rendered":"<p>[vc_row][vc_column][vc_empty_space][vc_column_text]<\/p>\n<h2 style=\"text-align: center;\" title=\"Fai clic tenendo premuto il tasto maiuscole per modificare questo elemento.\">Lo Spazio Su Misura per l&#8217;Impresa Che Cresce<\/h2>\n<p>[\/vc_column_text][vc_column_text]<\/p>\n<p style=\"text-align: center;\">Le nostre Aziende operano da decenni in Piemonte nel settore dell&#8217;edilizia.<br \/>\nAbbiamo maturato nel corso degli anni un&#8217;esperienza specifica nell&#8217;offerta di locazione immobili nei settori: Industriale, Artigianale, Direzionale e Residenziale.<\/p>\n<p style=\"text-align: center;\">Una caratteristica che ci contraddistingue \u00e8 quella che gli immobili offerti sono tutti di propriet\u00e0 delle societ\u00e0 del gruppo.<br \/>\nQuesta peculiarit\u00e0 permette da un lato, la personalizzazione dell&#8217;immobile in funzione delle necessit\u00e0 specifiche dell&#8217;utilizzatore, riducendo dall&#8217;altro gli oneri di locazione, non essendo previste intermediazioni.<\/p>\n<p>[\/vc_column_text][vc_empty_space]<div class=\"listing-layout inspiry-shortcode\"><div class=\"list-container clearfix\">\n<div class=\"property-item-wrapper\">\n\t<article class=\"property-item clearfix post-3229 property type-property status-publish has-post-thumbnail hentry property-feature-classe_energetica property-feature-climatizzazione property-feature-idrosanitario property-feature-impianto_elettrico property-feature-impianto-telefonico property-feature-impianto_termico property-feature-riscaldamento_autonomo property-type-residenziale property-city-biella_chiavazza property-status-in_affitto property-status-libero-a-breve\">\n\n\t\t<h4><a href=\"https:\/\/www.locazioni-immobiliari.it\/site\/immobili\/sc036-biella-chiavazza-alloggio-p2\/\">Sc036 &#8211; BIELLA CHIAVAZZA &#8211; Alloggio P2<\/a><\/h4>\n\n\t\t<figure>\n\t\t\t<a href=\"https:\/\/www.locazioni-immobiliari.it\/site\/immobili\/sc036-biella-chiavazza-alloggio-p2\/\">\n\t\t\t\t<img loading=\"lazy\" decoding=\"async\" width=\"244\" height=\"163\" src=\"https:\/\/www.locazioni-immobiliari.it\/site\/wp-content\/uploads\/2026\/02\/2024_11_06-Camera-sud-2-Copy-244x163.jpg\" class=\"attachment-property-thumb-image size-property-thumb-image wp-post-image\" alt=\"\" \/>\t\t\t<\/a>\n\n\t\t\t<figcaption class=\"in_affitto libero-a-breve\">In Affitto, Libero a Breve<\/figcaption>\n\t\t<\/figure>\n\n\t\t<div class=\"detail\">\n\t\t\t<h5 class=\"price\">\n\t\t\t\tEuro &nbsp;500,00 \u20ac\/mese<small> - Residenziale<\/small>\t\t\t<\/h5>\n\t\t\t<p>Palazzina residenziale inserita in un complesso di edifici completamente ristrutturati e di nuova edificazione, dedicati interamente alla locazione. La sede delle prestigiose Officine Rolando \u00e8&hellip;<\/p>\n\t\t\t<a class=\"more-details\" href=\"https:\/\/www.locazioni-immobiliari.it\/site\/immobili\/sc036-biella-chiavazza-alloggio-p2\/\">Vedi Scheda\t\t\t\t<i class=\"fa fa-caret-right\"><\/i><\/a>\n\t\t<\/div>\n\n\t\t<div class=\"property-meta\">\n\t\t\t<span title=\"Superficie\"><svg xmlns=\"http:\/\/www.w3.org\/2000\/svg\" xmlns:xlink=\"http:\/\/www.w3.org\/1999\/xlink\" version=\"1.1\" x=\"0px\" y=\"0px\" width=\"16px\" height=\"16px\" viewBox=\"0 0 24 24\" enable-background=\"new 0 0 24 24\" xml:space=\"preserve\">\n<path class=\"path\" d=\"M14 7.001H2.999C1.342 7 0 8.3 0 10v11c0 1.7 1.3 3 3 3H14c1.656 0 3-1.342 3-3V10 C17 8.3 15.7 7 14 7.001z M14.998 21c0 0.551-0.447 1-0.998 1.002H2.999C2.448 22 2 21.6 2 21V10 c0.001-0.551 0.449-0.999 1-0.999H14c0.551 0 1 0.4 1 0.999V21z\"\/>\n<path class=\"path\" d=\"M14.266 0.293c-0.395-0.391-1.034-0.391-1.429 0c-0.395 0.39-0.395 1 0 1.415L13.132 2H3.869l0.295-0.292 c0.395-0.391 0.395-1.025 0-1.415c-0.394-0.391-1.034-0.391-1.428 0L0 3l2.736 2.707c0.394 0.4 1 0.4 1.4 0 c0.395-0.391 0.395-1.023 0-1.414L3.869 4.001h9.263l-0.295 0.292c-0.395 0.392-0.395 1 0 1.414s1.034 0.4 1.4 0L17 3 L14.266 0.293z\"\/>\n<path class=\"path\" d=\"M18.293 9.734c-0.391 0.395-0.391 1 0 1.429s1.023 0.4 1.4 0L20 10.868v9.263l-0.292-0.295 c-0.392-0.395-1.024-0.395-1.415 0s-0.391 1 0 1.428L21 24l2.707-2.736c0.391-0.394 0.391-1.033 0-1.428s-1.023-0.395-1.414 0 l-0.292 0.295v-9.263l0.292 0.295c0.392 0.4 1 0.4 1.4 0s0.391-1.034 0-1.429L21 7L18.293 9.734z\"\/>\n<\/svg>\n115&nbsp;mq<\/span><span><svg xmlns=\"http:\/\/www.w3.org\/2000\/svg\" xmlns:xlink=\"http:\/\/www.w3.org\/1999\/xlink\" version=\"1.1\" x=\"0px\" y=\"0px\" width=\"16px\" height=\"16px\" viewBox=\"0 0 24 24\" enable-background=\"new 0 0 24 24\" xml:space=\"preserve\">\n<circle class=\"circle\" cx=\"5\" cy=\"8.3\" r=\"2.2\"\/>\n<path class=\"path\" d=\"M0 22.999C0 23.6 0.4 24 1 24S2 23.6 2 22.999V18H2h20h0.001v4.999c0 0.6 0.4 1 1 1 C23.552 24 24 23.6 24 22.999V10C24 9.4 23.6 9 23 9C22.447 9 22 9.4 22 10v1H22h-0.999V10.5 C20.999 8 20 6 17.5 6H11C9.769 6.1 8.2 6.3 8 8v3H2H2V9C2 8.4 1.6 8 1 8S0 8.4 0 9V22.999z M10.021 8.2 C10.19 8.1 10.6 8 11 8h5.5c1.382 0 2.496-0.214 2.5 2.501v0.499h-9L10.021 8.174z M22 16H2v-2.999h20V16z\"\/>\n<\/svg>\n4&nbsp;Vani<\/span><span><svg xmlns=\"http:\/\/www.w3.org\/2000\/svg\" xmlns:xlink=\"http:\/\/www.w3.org\/1999\/xlink\" version=\"1.1\" x=\"0px\" y=\"0px\" width=\"16px\" height=\"16px\" viewBox=\"0 0 24 24\" enable-background=\"new 0 0 24 24\" xml:space=\"preserve\">\n<path class=\"path\" d=\"M23.001 12h-1.513C21.805 11.6 22 11.1 22 10.5C22 9.1 20.9 8 19.5 8S17 9.1 17 10.5 c0 0.6 0.2 1.1 0.5 1.5H2.999c0-0.001 0-0.002 0-0.002V2.983V2.98c0.084-0.169-0.083-0.979 1-0.981h0.006 C4.008 2 4.3 2 4.5 2.104L4.292 2.292c-0.39 0.392-0.39 1 0 1.415c0.391 0.4 1 0.4 1.4 0l2-1.999 c0.39-0.391 0.39-1.025 0-1.415c-0.391-0.391-1.023-0.391-1.415 0L5.866 0.72C5.775 0.6 5.7 0.5 5.5 0.4 C4.776 0 4.1 0 4 0H3.984v0.001C1.195 0 1 2.7 1 2.98v0.019v0.032v8.967c0 0 0 0 0 0.002H0.999 C0.447 12 0 12.4 0 12.999S0.447 14 1 14H1v2.001c0.001 2.6 1.7 4.8 4 5.649V23c0 0.6 0.4 1 1 1s1-0.447 1-1v-1h10v1 c0 0.6 0.4 1 1 1s1-0.447 1-1v-1.102c2.745-0.533 3.996-3.222 4-5.897V14h0.001C23.554 14 24 13.6 24 13 S23.554 12 23 12z M21.001 16.001c-0.091 2.539-0.927 3.97-3.001 3.997H7c-2.208-0.004-3.996-1.79-4-3.997V14h15.173 c-0.379 0.484-0.813 0.934-1.174 1.003c-0.54 0.104-0.999 0.446-0.999 1c0 0.6 0.4 1 1 1 c2.159-0.188 3.188-2.006 3.639-2.999h0.363V16.001z\"\/>\n<rect class=\"rect\" x=\"6.6\" y=\"4.1\" transform=\"matrix(-0.7071 0.7071 -0.7071 -0.7071 15.6319 3.2336)\" width=\"1\" height=\"1.4\"\/>\n<rect class=\"rect\" x=\"9.4\" y=\"2.4\" transform=\"matrix(0.7066 0.7076 -0.7076 0.7066 4.9969 -6.342)\" width=\"1.4\" height=\"1\"\/>\n<rect class=\"rect\" x=\"9.4\" y=\"6.4\" transform=\"matrix(0.7071 0.7071 -0.7071 0.7071 7.8179 -5.167)\" width=\"1.4\" height=\"1\"\/>\n<rect class=\"rect\" x=\"12.4\" y=\"4.4\" transform=\"matrix(0.7069 0.7073 -0.7073 0.7069 7.2858 -7.8754)\" width=\"1.4\" height=\"1\"\/>\n<rect class=\"rect\" x=\"13.4\" y=\"7.4\" transform=\"matrix(-0.7064 -0.7078 0.7078 -0.7064 18.5823 23.4137)\" width=\"1.4\" height=\"1\"\/>\n<\/svg>\n2&nbsp;Bagni<\/span><span><svg xmlns=\"http:\/\/www.w3.org\/2000\/svg\" xmlns:xlink=\"http:\/\/www.w3.org\/1999\/xlink\" version=\"1.1\" x=\"0px\" y=\"0px\" width=\"16px\" height=\"16px\" viewBox=\"0 0 24 24\" enable-background=\"new 0 0 24 24\" xml:space=\"preserve\">\n<path class=\"path\" d=\"M23.958 0.885c-0.175-0.64-0.835-1.016-1.475-0.842l-11 3.001c-0.64 0.173-1.016 0.833-0.842 1.5 c0.175 0.6 0.8 1 1.5 0.842L16 4.299V6.2h-0.001H13c-2.867 0-4.892 1.792-5.664 2.891L5.93 11.2H5.024 c-0.588-0.029-2.517-0.02-3.851 1.221C0.405 13.1 0 14.1 0 15.201V18.2v2H2h2.02C4.126 22.3 5.9 24 8 24 c2.136 0 3.873-1.688 3.979-3.801H16V24h2V3.754l5.116-1.396C23.756 2.2 24.1 1.5 24 0.885z M8 22 c-1.104 0-2-0.896-2-2.001s0.896-2 2-2S10 18.9 10 20S9.105 22 8 22.001z M11.553 18.2C10.891 16.9 9.6 16 8 16 c-1.556 0-2.892 0.901-3.553 2.201H2v-2.999c0-0.599 0.218-1.019 0.537-1.315C3.398 13.1 5 13.2 5 13.2h2L9 10.2 c0 0 1.407-1.999 4-1.999h2.999H16v10H11.553z\"\/>\n<\/svg>\n1&nbsp;Garage<\/span>\t\t<\/div>\n\n\t<\/article>\n<\/div>\n\n<div class=\"property-item-wrapper\">\n\t<article class=\"property-item clearfix post-1839 property type-property status-publish has-post-thumbnail hentry property-feature-impianto_elettrico property-type-box property-type-magazzino property-city-torino property-status-in_vendita\">\n\n\t\t<h4><a href=\"https:\/\/www.locazioni-immobiliari.it\/site\/immobili\/sc017-torino-via-porpora-29-23-box-singolo-in-vendita\/\">Sc017 &#8211; Torino, via Porpora 29\/23 &#8211; Magazzino &#8211; Box in VENDITA &#8211; S2<\/a><\/h4>\n\n\t\t<figure>\n\t\t\t<a href=\"https:\/\/www.locazioni-immobiliari.it\/site\/immobili\/sc017-torino-via-porpora-29-23-box-singolo-in-vendita\/\">\n\t\t\t\t<img loading=\"lazy\" decoding=\"async\" width=\"244\" height=\"163\" src=\"https:\/\/www.locazioni-immobiliari.it\/site\/wp-content\/uploads\/2019\/06\/P_20220428_190928-Copy-1-244x163.jpg\" class=\"attachment-property-thumb-image size-property-thumb-image wp-post-image\" alt=\"\" \/>\t\t\t<\/a>\n\n\t\t\t<figcaption class=\"in_vendita\">In Vendita<\/figcaption>\n\t\t<\/figure>\n\n\t\t<div class=\"detail\">\n\t\t\t<h5 class=\"price\">\n\t\t\t\tEuro &nbsp;7.500,00 \u20ac<small> - Box, Magazzino<\/small>\t\t\t<\/h5>\n\t\t\t<p>Il magazzino \u00e8 inserito in una autorimessa costituita da unit\u00e0 ubicate al primo ed in parte al secondo piano interrato, ad uso box o piccolo&hellip;<\/p>\n\t\t\t<a class=\"more-details\" href=\"https:\/\/www.locazioni-immobiliari.it\/site\/immobili\/sc017-torino-via-porpora-29-23-box-singolo-in-vendita\/\">Vedi Scheda\t\t\t\t<i class=\"fa fa-caret-right\"><\/i><\/a>\n\t\t<\/div>\n\n\t\t<div class=\"property-meta\">\n\t\t\t<span title=\"Superficie\"><svg xmlns=\"http:\/\/www.w3.org\/2000\/svg\" xmlns:xlink=\"http:\/\/www.w3.org\/1999\/xlink\" version=\"1.1\" x=\"0px\" y=\"0px\" width=\"16px\" height=\"16px\" viewBox=\"0 0 24 24\" enable-background=\"new 0 0 24 24\" xml:space=\"preserve\">\n<path class=\"path\" d=\"M14 7.001H2.999C1.342 7 0 8.3 0 10v11c0 1.7 1.3 3 3 3H14c1.656 0 3-1.342 3-3V10 C17 8.3 15.7 7 14 7.001z M14.998 21c0 0.551-0.447 1-0.998 1.002H2.999C2.448 22 2 21.6 2 21V10 c0.001-0.551 0.449-0.999 1-0.999H14c0.551 0 1 0.4 1 0.999V21z\"\/>\n<path class=\"path\" d=\"M14.266 0.293c-0.395-0.391-1.034-0.391-1.429 0c-0.395 0.39-0.395 1 0 1.415L13.132 2H3.869l0.295-0.292 c0.395-0.391 0.395-1.025 0-1.415c-0.394-0.391-1.034-0.391-1.428 0L0 3l2.736 2.707c0.394 0.4 1 0.4 1.4 0 c0.395-0.391 0.395-1.023 0-1.414L3.869 4.001h9.263l-0.295 0.292c-0.395 0.392-0.395 1 0 1.414s1.034 0.4 1.4 0L17 3 L14.266 0.293z\"\/>\n<path class=\"path\" d=\"M18.293 9.734c-0.391 0.395-0.391 1 0 1.429s1.023 0.4 1.4 0L20 10.868v9.263l-0.292-0.295 c-0.392-0.395-1.024-0.395-1.415 0s-0.391 1 0 1.428L21 24l2.707-2.736c0.391-0.394 0.391-1.033 0-1.428s-1.023-0.395-1.414 0 l-0.292 0.295v-9.263l0.292 0.295c0.392 0.4 1 0.4 1.4 0s0.391-1.034 0-1.429L21 7L18.293 9.734z\"\/>\n<\/svg>\n14&nbsp;mq<\/span>\t\t<\/div>\n\n\t<\/article>\n<\/div>\n<\/div><\/div>[\/vc_column][\/vc_row]<\/p>\n","protected":false},"excerpt":{"rendered":"<p>[vc_row][vc_column][vc_empty_space][vc_column_text] Lo Spazio Su Misura per l&#8217;Impresa Che Cresce [\/vc_column_text][vc_column_text] Le nostre Aziende operano da decenni in Piemonte nel settore dell&#8217;edilizia. Abbiamo maturato nel corso degli anni un&#8217;esperienza specifica nell&#8217;offerta di locazione immobili nei settori: Industriale, Artigianale, Direzionale e Residenziale. Una caratteristica che ci contraddistingue \u00e8 quella che gli immobili offerti sono tutti di propriet\u00e0&#8230;<\/p>\n","protected":false},"author":1,"featured_media":0,"parent":0,"menu_order":0,"comment_status":"open","ping_status":"closed","template":"templates\/home.php","meta":{"footnotes":""},"class_list":["post-44","page","type-page","status-publish","hentry"],"_links":{"self":[{"href":"https:\/\/www.locazioni-immobiliari.it\/site\/wp-json\/wp\/v2\/pages\/44","targetHints":{"allow":["GET"]}}],"collection":[{"href":"https:\/\/www.locazioni-immobiliari.it\/site\/wp-json\/wp\/v2\/pages"}],"about":[{"href":"https:\/\/www.locazioni-immobiliari.it\/site\/wp-json\/wp\/v2\/types\/page"}],"author":[{"embeddable":true,"href":"https:\/\/www.locazioni-immobiliari.it\/site\/wp-json\/wp\/v2\/users\/1"}],"replies":[{"embeddable":true,"href":"https:\/\/www.locazioni-immobiliari.it\/site\/wp-json\/wp\/v2\/comments?post=44"}],"version-history":[{"count":6,"href":"https:\/\/www.locazioni-immobiliari.it\/site\/wp-json\/wp\/v2\/pages\/44\/revisions"}],"predecessor-version":[{"id":3102,"href":"https:\/\/www.locazioni-immobiliari.it\/site\/wp-json\/wp\/v2\/pages\/44\/revisions\/3102"}],"wp:attachment":[{"href":"https:\/\/www.locazioni-immobiliari.it\/site\/wp-json\/wp\/v2\/media?parent=44"}],"curies":[{"name":"wp","href":"https:\/\/api.w.org\/{rel}","templated":true}]}}