{"id":3079,"date":"2025-04-02T18:59:33","date_gmt":"2025-04-02T16:59:33","guid":{"rendered":"https:\/\/www.locazioni-immobiliari.it\/site\/?page_id=3079"},"modified":"2025-05-13T19:42:59","modified_gmt":"2025-05-13T17:42:59","slug":"chi-siamo","status":"publish","type":"page","link":"https:\/\/www.locazioni-immobiliari.it\/site\/chi-siamo\/","title":{"rendered":"Chi siamo"},"content":{"rendered":"<p>[vc_row][vc_column width=&#8221;1\/2&#8243;][vc_single_image image=&#8221;3123&#8243; img_size=&#8221;full&#8221;][\/vc_column][vc_column width=&#8221;1\/2&#8243;][vc_column_text]Un management dinamico e competente, in grado di assicurare ottimi standard di qualit\u00e0. Gestiamo esclusivamente immobili di nostra propriet\u00e0.<\/p>\n<p>La nostra competenza \u00e8 a vostra disposizione per soddisfare ogni richiesta e assistervi nella ricerca dell\u2019immobile pi\u00f9 adatto alle vostre necessit\u00e0 lavorative e professionali.<\/p>\n<p>Le nostre Aziende operano da decenni in Piemonte nel settore dell&#8217;edilizia.<br \/>\nAbbiamo maturato nel corso degli anni un&#8217;esperienza specifica nell&#8217;offerta di locazione immobili nei settori: Industriale, Artigianale, Direzionale e Residenziale.<\/p>\n<p>Una caratteristica che ci contraddistingue \u00e8 quella che gli immobili offerti sono tutti di propriet\u00e0 delle societ\u00e0 del gruppo.<br \/>\nQuesta peculiarit\u00e0 permette da un lato, la personalizzazione dell&#8217;immobile in funzione delle necessit\u00e0 specifiche dell&#8217;utilizzatore, riducendo dall&#8217;altro gli oneri di locazione, non essendo previste intermediazioni.[\/vc_column_text][\/vc_column][\/vc_row]<\/p>\n","protected":false},"excerpt":{"rendered":"<p>[vc_row][vc_column width=&#8221;1\/2&#8243;][vc_single_image image=&#8221;3123&#8243; img_size=&#8221;full&#8221;][\/vc_column][vc_column width=&#8221;1\/2&#8243;][vc_column_text]Un management dinamico e competente, in grado di assicurare ottimi standard di qualit\u00e0. Gestiamo esclusivamente immobili di nostra propriet\u00e0. La nostra competenza \u00e8 a vostra disposizione per soddisfare ogni richiesta e assistervi nella ricerca dell\u2019immobile pi\u00f9 adatto alle vostre necessit\u00e0 lavorative e professionali. Le nostre Aziende operano da decenni in Piemonte&#8230;<\/p>\n","protected":false},"author":1,"featured_media":0,"parent":0,"menu_order":0,"comment_status":"closed","ping_status":"closed","template":"templates\/full-width.php","meta":{"footnotes":""},"class_list":["post-3079","page","type-page","status-publish","hentry"],"_links":{"self":[{"href":"https:\/\/www.locazioni-immobiliari.it\/site\/wp-json\/wp\/v2\/pages\/3079","targetHints":{"allow":["GET"]}}],"collection":[{"href":"https:\/\/www.locazioni-immobiliari.it\/site\/wp-json\/wp\/v2\/pages"}],"about":[{"href":"https:\/\/www.locazioni-immobiliari.it\/site\/wp-json\/wp\/v2\/types\/page"}],"author":[{"embeddable":true,"href":"https:\/\/www.locazioni-immobiliari.it\/site\/wp-json\/wp\/v2\/users\/1"}],"replies":[{"embeddable":true,"href":"https:\/\/www.locazioni-immobiliari.it\/site\/wp-json\/wp\/v2\/comments?post=3079"}],"version-history":[{"count":8,"href":"https:\/\/www.locazioni-immobiliari.it\/site\/wp-json\/wp\/v2\/pages\/3079\/revisions"}],"predecessor-version":[{"id":3124,"href":"https:\/\/www.locazioni-immobiliari.it\/site\/wp-json\/wp\/v2\/pages\/3079\/revisions\/3124"}],"wp:attachment":[{"href":"https:\/\/www.locazioni-immobiliari.it\/site\/wp-json\/wp\/v2\/media?parent=3079"}],"curies":[{"name":"wp","href":"https:\/\/api.w.org\/{rel}","templated":true}]}}